{"id":119,"date":"2021-03-01T20:35:30","date_gmt":"2021-03-01T20:35:30","guid":{"rendered":"https:\/\/udruga-vuk.hr\/?page_id=119"},"modified":"2021-03-01T20:37:56","modified_gmt":"2021-03-01T20:37:56","slug":"119-2","status":"publish","type":"page","link":"https:\/\/udruga-vuk.hr\/?page_id=119","title":{"rendered":"O nama"},"content":{"rendered":"<p>[et_pb_section fb_built=&#8221;1&#8243; custom_padding_last_edited=&#8221;off|desktop&#8221; admin_label=&#8221;Hero&#8221; _builder_version=&#8221;3.22&#8243; use_background_color_gradient=&#8221;on&#8221; background_color_gradient_start=&#8221;#8834fd&#8221; background_color_gradient_end=&#8221;#c756ec&#8221; background_color_gradient_direction=&#8221;60deg&#8221; custom_padding=&#8221;100px|0px|0px|0px&#8221; box_shadow_style=&#8221;preset7&#8243; box_shadow_horizontal=&#8221;0px&#8221; box_shadow_vertical=&#8221;-100px&#8221; box_shadow_color=&#8221;#ffffff&#8221;][et_pb_row _builder_version=&#8221;3.25&#8243; custom_padding=&#8221;|||&#8221;][et_pb_column type=&#8221;4_4&#8243; _builder_version=&#8221;3.25&#8243; custom_padding=&#8221;|||&#8221; custom_padding__hover=&#8221;|||&#8221;][et_pb_text _builder_version=&#8221;3.27.4&#8243; text_font=&#8221;Open Sans|600|||||||&#8221; text_font_size=&#8221;16px&#8221; text_line_height=&#8221;1.8em&#8221; header_font=&#8221;||||||||&#8221; header_2_font=&#8221;Poppins||||||||&#8221; header_2_font_size=&#8221;36px&#8221; header_2_line_height=&#8221;1.4em&#8221; text_orientation=&#8221;center&#8221; background_layout=&#8221;dark&#8221; max_width=&#8221;700px&#8221; module_alignment=&#8221;center&#8221;]<\/p>\n<h2>O nama<\/h2>\n<p>[\/et_pb_text][\/et_pb_column][\/et_pb_row][et_pb_row _builder_version=&#8221;3.25&#8243; custom_padding=&#8221;100px|0px|0px|0px||&#8221;][et_pb_column type=&#8221;4_4&#8243; _builder_version=&#8221;3.25&#8243; custom_padding=&#8221;|||&#8221; custom_padding__hover=&#8221;|||&#8221;][\/et_pb_column][\/et_pb_row][\/et_pb_section][et_pb_section fb_built=&#8221;1&#8243; admin_label=&#8221;Our Mission&#8221; _builder_version=&#8221;3.22&#8243; custom_padding=&#8221;0px|0px|100px|0px||&#8221;][et_pb_row _builder_version=&#8221;4.9.0&#8243;][et_pb_column type=&#8221;4_4&#8243; _builder_version=&#8221;3.25&#8243; custom_padding=&#8221;|||&#8221; custom_padding__hover=&#8221;|||&#8221;][et_pb_text _builder_version=&#8221;4.9.0&#8243; text_font=&#8221;||||||||&#8221; text_font_size=&#8221;16px&#8221; text_line_height=&#8221;1.8em&#8221; header_font=&#8221;||||||||&#8221; header_2_font=&#8221;Poppins||||||||&#8221; header_2_font_size=&#8221;28px&#8221; header_2_line_height=&#8221;1.4em&#8221; header_3_font=&#8221;||||||||&#8221; module_alignment=&#8221;center&#8221; locked=&#8221;off&#8221;]<\/p>\n<h2>Tko smo?<\/h2>\n<p><span style=\"font-weight: 400;\">Udruga mladih V. U. K. (Vara\u017edinski underground klub) najstarija je vara\u017edinska udruga mladih, <\/span><b>osnovana 2005. godine.<\/b><span style=\"font-weight: 400;\"> Nastaje kao odgovor na smjenu generacija i zatvaranje vara\u017edinskih udruga Gajba i\u00a0 Klub prijatelja. Kao prvi zadatak postavlja si vra\u0107anje i bu\u0111enje underground scene, tada marginalizirane u javnom \u017eivotu Vara\u017edina. Otvaranje udruge obilje\u017eava se dvodnevnim festivalom \u0160ok za organizam. Nakon prvog open air koncerta, u privatnom prostoru u Bi\u0161kupcu oformljuje se prvi<\/span><b> VUK brlog<\/b><span style=\"font-weight: 400;\">, prostorija za probe povr\u0161ine 30 m2. U duhu undergrounda, taj prostor postaje mjesto ne samo za probe bendova, ve\u0107 i popri\u0161te 11 underground koncerata o kojima se predaja \u0161irila tada jo\u0161 usmenim putem, a na svirke su dolazili i europski bendovi su svojih turneja. Bilo je to mjesto razmjene fanzina, DIY distribucija CD-a (da, stari smo), kazeta (ooo da, toliko smo stari \ud83d\ude42 ) i sl. Prostorija u Bi\u0161kupcu postaje premalom za sve aktivnosti VUKa pa\u00a0 koncerti naziva VUK fest sele na dravsku \u0161picu i u Rogoz, dok Bi\u0161kupec ostaje mjestom za probe bendova. U me\u0111uvremenu, to\u010dnije 2008. godine, VUK je dobio i svoj prepoznatljiv logo \u010diji je autor Tomislav \u0160estak. Logo VUKa je uvr\u0161ten u postignu\u0107a hrvatskog dizajna u 2008. godini te je nagra\u0111en na me\u0111unarodnim festivalima dizajna.\u00a0<\/span><\/p>\n<p><b>Godina 2012. prijelomna je za Udrugu mladih V.U.K. <\/b><span style=\"font-weight: 400;\">VUKovci se po\u010dinju baviti projektima, prolaze edukaciju pisanja EU projekata, a Udruga postaje i nositeljicom projekta STOP! Stronger together on policies u suradnji s partnerima iz Slovenije. Do danas su \u010dlanovi_ce VUKa odradili, partnerovali i koordinirali razli\u010ditim projektima: Svi smo mi kultura, New media cross border, XFO fotomaraton, NuArs Session No.1, Mladi bude Vara\u017edin, Gra\u0111anskim odgojem do boljeg dru\u0161tva za mlade, Fail Fest, GGWP igraonice, Hladoveena i KVART zona \u0160pancirfest. U 2021. godini vode projekt 4M Storytelling, a partneruju s udrugama i organizacijama iz Amsterdama, Lyona, Sardinije, Ljubljane, Be\u010da i Zagreba.\u00a0<\/span><\/p>\n<p><span style=\"font-weight: 400;\">No, vratimo se na 2012. godinu. \u010clanovi udruge Dragutin Kli\u010dek i Nikola Leskovar postaju predsjednicima gradskog i \u017eupanijskog Savjeta mladih, a u Gradu Vara\u017edinu prvi put radi Plan djelovanja za mlade do 2021. godine. Te godine organiziramo i festival <\/span><b>Vara\u017edin gori <\/b><span style=\"font-weight: 400;\">u sklopu kojeg, u dva izdanja, nastupaju najpoznatiji hrvatski bendovi, a okuplja se vi\u0161e od 2000 posjetitelja i posjetiteljica.\u00a0<\/span><\/p>\n<p><span style=\"font-weight: 400;\">Paralelno s koncertnim aktivnostima, <\/span><b>VUK kontinuirano radi na osnivanju centra za mlade<\/b><span style=\"font-weight: 400;\"> te u po\u010detku ulazi u partnerstvo s Gradom Vara\u017edinom za ure\u0111enje tzv. Vojne pekare. To propada, VUK se vra\u0107a u underground i radi ono \u0161to najbolje zna \u2013 projekte i koncerte.\u00a0<\/span><\/p>\n<p><span style=\"font-weight: 400;\">U me\u0111uvremenu, VUKov brlog u Bi\u0161kupcu se zatvara, vara\u017edinske udruge sastavljaju Gradski program djelovanja za mlade, a VUK osniva<\/span><b> Vakuum \u2013<\/b><span style=\"font-weight: 400;\"> centar za mlade u Domu \u017eeljezni\u010dara. Zbog lo\u0161ih uvjeta, VUK seli u privatan prostor, a zatim 2016. godine zajedno s nekoliko vara\u017edinskih udruga, dobiva novi prostor na adresi Preradovi\u0107eva 4.\u00a0\u00a0<\/span><\/p>\n<p>&nbsp;<\/p>\n<p>[\/et_pb_text][\/et_pb_column][\/et_pb_row][et_pb_row _builder_version=&#8221;4.9.0&#8243; locked=&#8221;off&#8221;][et_pb_column type=&#8221;4_4&#8243; _builder_version=&#8221;3.25&#8243; custom_padding=&#8221;|||&#8221; custom_padding__hover=&#8221;|||&#8221;][et_pb_text _builder_version=&#8221;4.9.0&#8243; text_font=&#8221;||||||||&#8221; text_font_size=&#8221;16px&#8221; text_line_height=&#8221;1.8em&#8221; header_font=&#8221;||||||||&#8221; header_2_font=&#8221;Poppins||||||||&#8221; header_2_font_size=&#8221;28px&#8221; header_2_line_height=&#8221;1.4em&#8221; header_3_font=&#8221;||||||||&#8221; module_alignment=&#8221;center&#8221; locked=&#8221;off&#8221;]<\/p>\n<h2>V.U.K. u P4<\/h2>\n<p><span style=\"font-weight: 400;\">Udruga mladih V.U.K. je 2018. godine dala podr\u0161ku grupi mladih i uklju\u010dila se u inicijativu Vara\u017edin za Europsku prijestolnicu mladih 2021., dok je idu\u0107e, 2019. godine vodila i <\/span><b>koordinirala projektom Vara\u017edin za Europsku prijestolnicu mladih 2022. godine.\u00a0<\/b><\/p>\n<p><span style=\"font-weight: 400;\">Rije\u010d je o presti\u017enoj titulu koju dodijeljuje Europsku forum mladih, a VUKovci su oba puta sa svojim jednogodi\u0161njim programom za mlade u\u0161li u samo finale. U spomenute dvije godine okupila se nova, entuzijasti\u010dna ekipa mladih ljudi s podru\u010dja Vara\u017edina koja se priklju\u010dila Udruzi i krenula u jo\u0161 ja\u010de lobiranje za mlade prema gradskim i dr\u017eavnim institucijama i ustanovama. Sklopljena su nova prijateljstva i partnerstva, izme\u0111u ostalih i s Uredom Europskog parlamenta u Hrvatskoj, Eurodeskom, CROSOL-om, Velvet festivalom, Graffiti na Gradele festivalom i mnogim drugima.\u00a0<\/span><\/p>\n<p><span style=\"font-weight: 400;\">Trud i rad su se isplatili. <\/span><b>Udruga mladih V.U.K. je 2020. godine<\/b><span style=\"font-weight: 400;\"> potpisala ugovor s Gradom Vara\u017edinom, te <\/span><b>postala voditeljicom programa u P4 \u2013 centru za mlade i nezavisnu kulturu.<\/b><span style=\"font-weight: 400;\"> \u010clanovi i \u010dlanice VUKa po\u010dinju raditi na brendiranju, razvijanju cjelogodi\u0161njeg programa za mlade te okupljanju mladih i udruga u P4.<\/span><\/p>\n<p>&nbsp;<\/p>\n<p>[\/et_pb_text][\/et_pb_column][\/et_pb_row][et_pb_row _builder_version=&#8221;4.9.0&#8243; locked=&#8221;off&#8221;][et_pb_column type=&#8221;4_4&#8243; _builder_version=&#8221;3.25&#8243; custom_padding=&#8221;|||&#8221; custom_padding__hover=&#8221;|||&#8221;][et_pb_text _builder_version=&#8221;4.9.0&#8243; text_font=&#8221;||||||||&#8221; text_font_size=&#8221;16px&#8221; text_line_height=&#8221;1.8em&#8221; header_font=&#8221;||||||||&#8221; header_2_font=&#8221;Poppins||||||||&#8221; header_2_font_size=&#8221;28px&#8221; header_2_line_height=&#8221;1.4em&#8221; header_3_font=&#8221;||||||||&#8221; module_alignment=&#8221;center&#8221; locked=&#8221;off&#8221;]<\/p>\n<h2>V.U.K. u 2021.<\/h2>\n<p><span style=\"font-weight: 400;\">Godina 2021. Dobro je po\u010dela za VUK-ovce. Nastavljaju programski upravljati P4 &#8211; centrom za mlade i nezavisnu kulturu, dobili su velik i va\u017ean Erasmus+ projekt <\/span><b>\u201c4M Storytelling\u201d<\/b><span style=\"font-weight: 400;\"> \u010diji su nositelji, a Udruga je postala korisnicom institucionalne\u00a0 potpore <\/span><b>Nacionalne zaklade za razvoj civilnog dru\u0161tva u Republici Hrvatskoj.\u00a0<\/b><\/p>\n<p><span style=\"font-weight: 400;\">I bit \u0107e toga jo\u0161!<\/span><\/p>\n<p>[\/et_pb_text][\/et_pb_column][\/et_pb_row][\/et_pb_section]<\/p>\n","protected":false},"excerpt":{"rendered":"<p>O namaTko smo? Udruga mladih V. U. K. (Vara\u017edinski underground klub) najstarija je vara\u017edinska udruga mladih, osnovana 2005. godine. Nastaje kao odgovor na smjenu generacija i zatvaranje vara\u017edinskih udruga Gajba i\u00a0 Klub prijatelja. Kao prvi zadatak postavlja si vra\u0107anje i bu\u0111enje underground scene, tada marginalizirane u javnom \u017eivotu Vara\u017edina. Otvaranje udruge obilje\u017eava se dvodnevnim festivalom [&hellip;]<\/p>\n","protected":false},"author":1,"featured_media":0,"parent":0,"menu_order":0,"comment_status":"closed","ping_status":"closed","template":"","meta":{"_et_pb_use_builder":"on","_et_pb_old_content":"","_et_gb_content_width":""},"_links":{"self":[{"href":"https:\/\/udruga-vuk.hr\/index.php?rest_route=\/wp\/v2\/pages\/119"}],"collection":[{"href":"https:\/\/udruga-vuk.hr\/index.php?rest_route=\/wp\/v2\/pages"}],"about":[{"href":"https:\/\/udruga-vuk.hr\/index.php?rest_route=\/wp\/v2\/types\/page"}],"author":[{"embeddable":true,"href":"https:\/\/udruga-vuk.hr\/index.php?rest_route=\/wp\/v2\/users\/1"}],"replies":[{"embeddable":true,"href":"https:\/\/udruga-vuk.hr\/index.php?rest_route=%2Fwp%2Fv2%2Fcomments&post=119"}],"version-history":[{"count":6,"href":"https:\/\/udruga-vuk.hr\/index.php?rest_route=\/wp\/v2\/pages\/119\/revisions"}],"predecessor-version":[{"id":141,"href":"https:\/\/udruga-vuk.hr\/index.php?rest_route=\/wp\/v2\/pages\/119\/revisions\/141"}],"wp:attachment":[{"href":"https:\/\/udruga-vuk.hr\/index.php?rest_route=%2Fwp%2Fv2%2Fmedia&parent=119"}],"curies":[{"name":"wp","href":"https:\/\/api.w.org\/{rel}","templated":true}]}}